{"id":21988,"date":"2022-08-28T15:44:45","date_gmt":"2022-08-28T18:44:45","guid":{"rendered":"https:\/\/www.br44.com\/global\/inicio\/inicio\/120-000pt-linha-coats-sylko-para-maquina-de-bordar-4000-mts\/"},"modified":"2026-02-27T13:57:50","modified_gmt":"2026-02-27T16:57:50","slug":"120-000pt-linha-coats-sylko-para-maquina-de-bordar-4000-mts","status":"publish","type":"product","link":"https:\/\/www.br44.com\/global\/inicio\/120-000pt-linha-coats-sylko-para-maquina-de-bordar-4000-mts\/","title":{"rendered":"120-000PT Linha Coats Sylko Para M\u00e1quina De Bordar 4000 mts."},"content":{"rendered":"<p class=\"intro\" style=\"font-weight: 400; font-family: FrutigerNeueW01-Thin, Ubuntu, sans-serif; margin: 0px; padding: 0px 0px 20px; font-size: 1.75rem; line-height: 2.4375rem; color: #1a1f22; font-style: normal; letter-spacing: normal; text-align: left; text-indent: 0px; text-transform: none; background-color: #ffffff;\">Cor: Preto<\/p>\n<p class=\"intro\" style=\"font-weight: 400; font-family: FrutigerNeueW01-Thin, Ubuntu, sans-serif; margin: 0px; padding: 0px 0px 20px; font-size: 1.75rem; line-height: 2.4375rem; color: #1a1f22; font-style: normal; letter-spacing: normal; text-align: left; text-indent: 0px; text-transform: none; background-color: #ffffff;\">Linha n\u00ba 120 para bordar em m\u00e1quina ou a m\u00e3o.<\/p>\n<p class=\"intro\" style=\"font-weight: 400; font-family: FrutigerNeueW01-Thin, Ubuntu, sans-serif; margin: 0px; padding: 0px 0px 20px; font-size: 1.75rem; line-height: 2.4375rem; color: #1a1f22; font-style: normal; letter-spacing: normal; text-align: left; text-indent: 0px; text-transform: none; background-color: #ffffff;\">Coats Sylko \u00e9 uma linha de poli\u00e9ster trilobal para bordado \u00e0 m\u00e1quina com brilho superior, durabilidade e opera\u00e7\u00e3o suave em altas velocidades.<\/p>\n<p style=\"font-weight: 400; font-family: FrutigerNeueW01-Light, Ubuntu, sans-serif; margin: 0px; padding: 0px 0px 18px; color: #1a1f22; font-size: 17px; font-style: normal; letter-spacing: normal; text-align: left; text-indent: 0px; text-transform: none; background-color: #ffffff;\">Sylko tem brilho superior, durabilidade e opera\u00e7\u00e3o suave nas velocidades mais altas, que a torna uma escolha popular entre os clientes de bordados que buscam desempenho e durabilidade.<\/p>\n<p style=\"font-weight: 400; font-family: FrutigerNeueW01-Light, Ubuntu, sans-serif; margin: 0px; padding: 0px 0px 18px; color: #1a1f22; font-size: 17px; font-style: normal; letter-spacing: normal; text-align: left; text-indent: 0px; text-transform: none; background-color: #ffffff;\">A linha de bordado Sylko permite criar logotipos bonitos, atraentes e costuras decorativas em roupas e acess\u00f3rios que est\u00e3o sujeitos a desgaste ou lavagens frequentes. Tem excelente brilho e resist\u00eancia \u00e0 abras\u00e3o superior para usos em pe\u00e7as mais exigentes.<\/p>\n","protected":false},"excerpt":{"rendered":"<p>Cor: Preto<\/p>\n<p>Linha n\u00ba 120 de alt\u00edssima qualidade para bordar em m\u00e1quina ou a m\u00e3o.<\/p>\n","protected":false},"featured_media":21985,"comment_status":"open","ping_status":"closed","template":"","meta":{"ocean_post_layout":"","ocean_both_sidebars_style":"","ocean_both_sidebars_content_width":0,"ocean_both_sidebars_sidebars_width":0,"ocean_sidebar":"0","ocean_second_sidebar":"0","ocean_disable_margins":"enable","ocean_add_body_class":"","ocean_shortcode_before_top_bar":"","ocean_shortcode_after_top_bar":"","ocean_shortcode_before_header":"","ocean_shortcode_after_header":"","ocean_has_shortcode":"","ocean_shortcode_after_title":"","ocean_shortcode_before_footer_widgets":"","ocean_shortcode_after_footer_widgets":"","ocean_shortcode_before_footer_bottom":"","ocean_shortcode_after_footer_bottom":"","ocean_display_top_bar":"default","ocean_display_header":"default","ocean_header_style":"","ocean_center_header_left_menu":"0","ocean_custom_header_template":"0","ocean_custom_logo":0,"ocean_custom_retina_logo":0,"ocean_custom_logo_max_width":0,"ocean_custom_logo_tablet_max_width":0,"ocean_custom_logo_mobile_max_width":0,"ocean_custom_logo_max_height":0,"ocean_custom_logo_tablet_max_height":0,"ocean_custom_logo_mobile_max_height":0,"ocean_header_custom_menu":"0","ocean_menu_typo_font_family":"0","ocean_menu_typo_font_subset":"","ocean_menu_typo_font_size":0,"ocean_menu_typo_font_size_tablet":0,"ocean_menu_typo_font_size_mobile":0,"ocean_menu_typo_font_size_unit":"px","ocean_menu_typo_font_weight":"","ocean_menu_typo_font_weight_tablet":"","ocean_menu_typo_font_weight_mobile":"","ocean_menu_typo_transform":"","ocean_menu_typo_transform_tablet":"","ocean_menu_typo_transform_mobile":"","ocean_menu_typo_line_height":0,"ocean_menu_typo_line_height_tablet":0,"ocean_menu_typo_line_height_mobile":0,"ocean_menu_typo_line_height_unit":"","ocean_menu_typo_spacing":0,"ocean_menu_typo_spacing_tablet":0,"ocean_menu_typo_spacing_mobile":0,"ocean_menu_typo_spacing_unit":"","ocean_menu_link_color":"","ocean_menu_link_color_hover":"","ocean_menu_link_color_active":"","ocean_menu_link_background":"","ocean_menu_link_hover_background":"","ocean_menu_link_active_background":"","ocean_menu_social_links_bg":"","ocean_menu_social_hover_links_bg":"","ocean_menu_social_links_color":"","ocean_menu_social_hover_links_color":"","ocean_disable_title":"default","ocean_disable_heading":"default","ocean_post_title":"","ocean_post_subheading":"","ocean_post_title_style":"","ocean_post_title_background_color":"","ocean_post_title_background":0,"ocean_post_title_bg_image_position":"","ocean_post_title_bg_image_attachment":"","ocean_post_title_bg_image_repeat":"","ocean_post_title_bg_image_size":"","ocean_post_title_height":0,"ocean_post_title_bg_overlay":0.5,"ocean_post_title_bg_overlay_color":"","ocean_disable_breadcrumbs":"default","ocean_breadcrumbs_color":"","ocean_breadcrumbs_separator_color":"","ocean_breadcrumbs_links_color":"","ocean_breadcrumbs_links_hover_color":"","ocean_display_footer_widgets":"default","ocean_display_footer_bottom":"default","ocean_custom_footer_template":"0"},"product_brand":[],"product_cat":[133],"product_tag":[],"class_list":{"0":"post-21988","1":"product","2":"type-product","3":"status-publish","4":"has-post-thumbnail","6":"product_cat-linhas-para-bordar-e-costurar","7":"product_shipping_class-pac_sedex","9":"entry","10":"has-media","12":"first","13":"instock","14":"shipping-taxable","15":"purchasable","16":"product-type-simple","17":"has-product-nav","18":"col","19":"span_1_of_6","20":"owp-content-center","21":"owp-thumbs-layout-horizontal","22":"owp-btn-normal","23":"owp-tabs-layout-horizontal"},"yoast_head":"<!-- This site is optimized with the Yoast SEO plugin v21.6 - https:\/\/yoast.com\/wordpress\/plugins\/seo\/ -->\n<title>120-000PT Linha Coats Sylko Para M\u00e1quina De Bordar 4000 mts. - BR44<\/title>\n<meta name=\"robots\" content=\"index, follow, max-snippet:-1, max-image-preview:large, max-video-preview:-1\" \/>\n<link rel=\"canonical\" href=\"https:\/\/www.br44.com\/global\/inicio\/120-000pt-linha-coats-sylko-para-maquina-de-bordar-4000-mts\/\" \/>\n<meta property=\"og:locale\" content=\"pt_BR\" \/>\n<meta property=\"og:type\" content=\"article\" \/>\n<meta property=\"og:title\" content=\"120-000PT Linha Coats Sylko Para M\u00e1quina De Bordar 4000 mts. - BR44\" \/>\n<meta property=\"og:description\" content=\"Cor: Preto  Linha n\u00ba 120 de alt\u00edssima qualidade para bordar em m\u00e1quina ou a m\u00e3o.\" \/>\n<meta property=\"og:url\" content=\"https:\/\/www.br44.com\/global\/inicio\/120-000pt-linha-coats-sylko-para-maquina-de-bordar-4000-mts\/\" \/>\n<meta property=\"og:site_name\" content=\"BR44\" \/>\n<meta property=\"article:modified_time\" content=\"2026-02-27T16:57:50+00:00\" \/>\n<meta property=\"og:image\" content=\"https:\/\/www.br44.com\/global\/wp-content\/uploads\/2022\/08\/3291120-000PT-7890857381765-Preto-Coats-Sylko-4000-mts.jpg\" \/>\n\t<meta property=\"og:image:width\" content=\"1000\" \/>\n\t<meta property=\"og:image:height\" content=\"1000\" \/>\n\t<meta property=\"og:image:type\" content=\"image\/jpeg\" \/>\n<meta name=\"twitter:card\" content=\"summary_large_image\" \/>\n<meta name=\"twitter:label1\" content=\"Est. tempo de leitura\" \/>\n\t<meta name=\"twitter:data1\" content=\"1 minuto\" \/>\n<script type=\"application\/ld+json\" class=\"yoast-schema-graph\">{\"@context\":\"https:\/\/schema.org\",\"@graph\":[{\"@type\":\"WebPage\",\"@id\":\"https:\/\/www.br44.com\/global\/inicio\/120-000pt-linha-coats-sylko-para-maquina-de-bordar-4000-mts\/\",\"url\":\"https:\/\/www.br44.com\/global\/inicio\/120-000pt-linha-coats-sylko-para-maquina-de-bordar-4000-mts\/\",\"name\":\"120-000PT Linha Coats Sylko Para M\u00e1quina De Bordar 4000 mts. - BR44\",\"isPartOf\":{\"@id\":\"https:\/\/www.br44.com\/global\/#website\"},\"datePublished\":\"2022-08-28T18:44:45+00:00\",\"dateModified\":\"2026-02-27T16:57:50+00:00\",\"breadcrumb\":{\"@id\":\"https:\/\/www.br44.com\/global\/inicio\/120-000pt-linha-coats-sylko-para-maquina-de-bordar-4000-mts\/#breadcrumb\"},\"inLanguage\":\"pt-BR\",\"potentialAction\":[{\"@type\":\"ReadAction\",\"target\":[\"https:\/\/www.br44.com\/global\/inicio\/120-000pt-linha-coats-sylko-para-maquina-de-bordar-4000-mts\/\"]}]},{\"@type\":\"BreadcrumbList\",\"@id\":\"https:\/\/www.br44.com\/global\/inicio\/120-000pt-linha-coats-sylko-para-maquina-de-bordar-4000-mts\/#breadcrumb\",\"itemListElement\":[{\"@type\":\"ListItem\",\"position\":1,\"name\":\"In\u00edcio\",\"item\":\"https:\/\/www.br44.com\/global\/\"},{\"@type\":\"ListItem\",\"position\":2,\"name\":\"Loja\",\"item\":\"https:\/\/www.br44.com\/global\/loja\/\"},{\"@type\":\"ListItem\",\"position\":3,\"name\":\"120-000PT Linha Coats Sylko Para M\u00e1quina De Bordar 4000 mts.\"}]},{\"@type\":\"WebSite\",\"@id\":\"https:\/\/www.br44.com\/global\/#website\",\"url\":\"https:\/\/www.br44.com\/global\/\",\"name\":\"BR44\",\"description\":\"Embroidered Patch Bordado.\",\"publisher\":{\"@id\":\"https:\/\/www.br44.com\/global\/#organization\"},\"potentialAction\":[{\"@type\":\"SearchAction\",\"target\":{\"@type\":\"EntryPoint\",\"urlTemplate\":\"https:\/\/www.br44.com\/global\/?s={search_term_string}\"},\"query-input\":\"required name=search_term_string\"}],\"inLanguage\":\"pt-BR\"},{\"@type\":\"Organization\",\"@id\":\"https:\/\/www.br44.com\/global\/#organization\",\"name\":\"BR44\",\"url\":\"https:\/\/www.br44.com\/global\/\",\"logo\":{\"@type\":\"ImageObject\",\"inLanguage\":\"pt-BR\",\"@id\":\"https:\/\/www.br44.com\/global\/#\/schema\/logo\/image\/\",\"url\":\"https:\/\/www.br44.com\/global\/wp-content\/uploads\/2022\/10\/BR44_192x192.png\",\"contentUrl\":\"https:\/\/www.br44.com\/global\/wp-content\/uploads\/2022\/10\/BR44_192x192.png\",\"width\":192,\"height\":192,\"caption\":\"BR44\"},\"image\":{\"@id\":\"https:\/\/www.br44.com\/global\/#\/schema\/logo\/image\/\"},\"sameAs\":[\"https:\/\/www.instagram.com\/br44.patch\/\"]}]}<\/script>\n<!-- \/ Yoast SEO plugin. -->","yoast_head_json":{"title":"120-000PT Linha Coats Sylko Para M\u00e1quina De Bordar 4000 mts. - BR44","robots":{"index":"index","follow":"follow","max-snippet":"max-snippet:-1","max-image-preview":"max-image-preview:large","max-video-preview":"max-video-preview:-1"},"canonical":"https:\/\/www.br44.com\/global\/inicio\/120-000pt-linha-coats-sylko-para-maquina-de-bordar-4000-mts\/","og_locale":"pt_BR","og_type":"article","og_title":"120-000PT Linha Coats Sylko Para M\u00e1quina De Bordar 4000 mts. - BR44","og_description":"Cor: Preto  Linha n\u00ba 120 de alt\u00edssima qualidade para bordar em m\u00e1quina ou a m\u00e3o.","og_url":"https:\/\/www.br44.com\/global\/inicio\/120-000pt-linha-coats-sylko-para-maquina-de-bordar-4000-mts\/","og_site_name":"BR44","article_modified_time":"2026-02-27T16:57:50+00:00","og_image":[{"width":1000,"height":1000,"url":"https:\/\/www.br44.com\/global\/wp-content\/uploads\/2022\/08\/3291120-000PT-7890857381765-Preto-Coats-Sylko-4000-mts.jpg","type":"image\/jpeg"}],"twitter_card":"summary_large_image","twitter_misc":{"Est. tempo de leitura":"1 minuto"},"schema":{"@context":"https:\/\/schema.org","@graph":[{"@type":"WebPage","@id":"https:\/\/www.br44.com\/global\/inicio\/120-000pt-linha-coats-sylko-para-maquina-de-bordar-4000-mts\/","url":"https:\/\/www.br44.com\/global\/inicio\/120-000pt-linha-coats-sylko-para-maquina-de-bordar-4000-mts\/","name":"120-000PT Linha Coats Sylko Para M\u00e1quina De Bordar 4000 mts. - BR44","isPartOf":{"@id":"https:\/\/www.br44.com\/global\/#website"},"datePublished":"2022-08-28T18:44:45+00:00","dateModified":"2026-02-27T16:57:50+00:00","breadcrumb":{"@id":"https:\/\/www.br44.com\/global\/inicio\/120-000pt-linha-coats-sylko-para-maquina-de-bordar-4000-mts\/#breadcrumb"},"inLanguage":"pt-BR","potentialAction":[{"@type":"ReadAction","target":["https:\/\/www.br44.com\/global\/inicio\/120-000pt-linha-coats-sylko-para-maquina-de-bordar-4000-mts\/"]}]},{"@type":"BreadcrumbList","@id":"https:\/\/www.br44.com\/global\/inicio\/120-000pt-linha-coats-sylko-para-maquina-de-bordar-4000-mts\/#breadcrumb","itemListElement":[{"@type":"ListItem","position":1,"name":"In\u00edcio","item":"https:\/\/www.br44.com\/global\/"},{"@type":"ListItem","position":2,"name":"Loja","item":"https:\/\/www.br44.com\/global\/loja\/"},{"@type":"ListItem","position":3,"name":"120-000PT Linha Coats Sylko Para M\u00e1quina De Bordar 4000 mts."}]},{"@type":"WebSite","@id":"https:\/\/www.br44.com\/global\/#website","url":"https:\/\/www.br44.com\/global\/","name":"BR44","description":"Embroidered Patch Bordado.","publisher":{"@id":"https:\/\/www.br44.com\/global\/#organization"},"potentialAction":[{"@type":"SearchAction","target":{"@type":"EntryPoint","urlTemplate":"https:\/\/www.br44.com\/global\/?s={search_term_string}"},"query-input":"required name=search_term_string"}],"inLanguage":"pt-BR"},{"@type":"Organization","@id":"https:\/\/www.br44.com\/global\/#organization","name":"BR44","url":"https:\/\/www.br44.com\/global\/","logo":{"@type":"ImageObject","inLanguage":"pt-BR","@id":"https:\/\/www.br44.com\/global\/#\/schema\/logo\/image\/","url":"https:\/\/www.br44.com\/global\/wp-content\/uploads\/2022\/10\/BR44_192x192.png","contentUrl":"https:\/\/www.br44.com\/global\/wp-content\/uploads\/2022\/10\/BR44_192x192.png","width":192,"height":192,"caption":"BR44"},"image":{"@id":"https:\/\/www.br44.com\/global\/#\/schema\/logo\/image\/"},"sameAs":["https:\/\/www.instagram.com\/br44.patch\/"]}]}},"_links":{"self":[{"href":"https:\/\/www.br44.com\/global\/wp-json\/wp\/v2\/product\/21988","targetHints":{"allow":["GET"]}}],"collection":[{"href":"https:\/\/www.br44.com\/global\/wp-json\/wp\/v2\/product"}],"about":[{"href":"https:\/\/www.br44.com\/global\/wp-json\/wp\/v2\/types\/product"}],"replies":[{"embeddable":true,"href":"https:\/\/www.br44.com\/global\/wp-json\/wp\/v2\/comments?post=21988"}],"wp:featuredmedia":[{"embeddable":true,"href":"https:\/\/www.br44.com\/global\/wp-json\/wp\/v2\/media\/21985"}],"wp:attachment":[{"href":"https:\/\/www.br44.com\/global\/wp-json\/wp\/v2\/media?parent=21988"}],"wp:term":[{"taxonomy":"product_brand","embeddable":true,"href":"https:\/\/www.br44.com\/global\/wp-json\/wp\/v2\/product_brand?post=21988"},{"taxonomy":"product_cat","embeddable":true,"href":"https:\/\/www.br44.com\/global\/wp-json\/wp\/v2\/product_cat?post=21988"},{"taxonomy":"product_tag","embeddable":true,"href":"https:\/\/www.br44.com\/global\/wp-json\/wp\/v2\/product_tag?post=21988"}],"curies":[{"name":"wp","href":"https:\/\/api.w.org\/{rel}","templated":true}]}}