{"id":2355,"date":"2019-04-06T15:36:44","date_gmt":"2019-04-06T15:36:44","guid":{"rendered":"https:\/\/www.br44.com\/global\/inicio\/https:\/www.br44.com\/global\/loja\/sample-product\/jiu-jitsu-kanji-patch-bordado-para-kimono-camisa-jaqueta\/"},"modified":"2026-03-24T07:16:13","modified_gmt":"2026-03-24T10:16:13","slug":"jiu-jitsu-kanji-patch-bordado-para-kimono-camisa-jaqueta","status":"publish","type":"product","link":"https:\/\/www.br44.com\/global\/inicio\/jiu-jitsu-kanji-patch-bordado-para-kimono-camisa-jaqueta\/","title":{"rendered":"Jiu-Jitsu Kanji Patch Bordado Para Kimono Camisa Jaqueta"},"content":{"rendered":"<p>Instru\u00e7\u00f5es sobre como fixar o bordado corretamente est\u00e3o na parte inferior da p\u00e1gina.<\/p>\n","protected":false},"excerpt":{"rendered":"<p>Fabricante: BR44 patch (desde 1987)<\/p>\n<p>Modelo: ATM002T Jiu-Jitsu kanji embroidery patch<\/p>\n<p>Tamanho: 5,5 \u00d7 13,5 cm. 2,16 \u00d7 5,31 in.<\/p>\n<p>Patch 100% bordado, termo adesivo, pode ser fixado com ferro quente ou costura.<\/p>\n<p>Ideal para kimono, camisa, colete, jaqueta e outros.<\/p>\n","protected":false},"featured_media":23712,"comment_status":"open","ping_status":"closed","template":"","meta":{"ocean_post_layout":"","ocean_both_sidebars_style":"","ocean_both_sidebars_content_width":0,"ocean_both_sidebars_sidebars_width":0,"ocean_sidebar":"","ocean_second_sidebar":"","ocean_disable_margins":"enable","ocean_add_body_class":"","ocean_shortcode_before_top_bar":"","ocean_shortcode_after_top_bar":"","ocean_shortcode_before_header":"","ocean_shortcode_after_header":"","ocean_has_shortcode":"","ocean_shortcode_after_title":"","ocean_shortcode_before_footer_widgets":"","ocean_shortcode_after_footer_widgets":"","ocean_shortcode_before_footer_bottom":"","ocean_shortcode_after_footer_bottom":"","ocean_display_top_bar":"default","ocean_display_header":"default","ocean_header_style":"","ocean_center_header_left_menu":"","ocean_custom_header_template":"","ocean_custom_logo":0,"ocean_custom_retina_logo":0,"ocean_custom_logo_max_width":0,"ocean_custom_logo_tablet_max_width":0,"ocean_custom_logo_mobile_max_width":0,"ocean_custom_logo_max_height":0,"ocean_custom_logo_tablet_max_height":0,"ocean_custom_logo_mobile_max_height":0,"ocean_header_custom_menu":"","ocean_menu_typo_font_family":"","ocean_menu_typo_font_subset":"","ocean_menu_typo_font_size":0,"ocean_menu_typo_font_size_tablet":0,"ocean_menu_typo_font_size_mobile":0,"ocean_menu_typo_font_size_unit":"px","ocean_menu_typo_font_weight":"","ocean_menu_typo_font_weight_tablet":"","ocean_menu_typo_font_weight_mobile":"","ocean_menu_typo_transform":"","ocean_menu_typo_transform_tablet":"","ocean_menu_typo_transform_mobile":"","ocean_menu_typo_line_height":0,"ocean_menu_typo_line_height_tablet":0,"ocean_menu_typo_line_height_mobile":0,"ocean_menu_typo_line_height_unit":"","ocean_menu_typo_spacing":0,"ocean_menu_typo_spacing_tablet":0,"ocean_menu_typo_spacing_mobile":0,"ocean_menu_typo_spacing_unit":"","ocean_menu_link_color":"","ocean_menu_link_color_hover":"","ocean_menu_link_color_active":"","ocean_menu_link_background":"","ocean_menu_link_hover_background":"","ocean_menu_link_active_background":"","ocean_menu_social_links_bg":"","ocean_menu_social_hover_links_bg":"","ocean_menu_social_links_color":"","ocean_menu_social_hover_links_color":"","ocean_disable_title":"default","ocean_disable_heading":"default","ocean_post_title":"","ocean_post_subheading":"","ocean_post_title_style":"","ocean_post_title_background_color":"","ocean_post_title_background":0,"ocean_post_title_bg_image_position":"","ocean_post_title_bg_image_attachment":"","ocean_post_title_bg_image_repeat":"","ocean_post_title_bg_image_size":"","ocean_post_title_height":0,"ocean_post_title_bg_overlay":0.5,"ocean_post_title_bg_overlay_color":"","ocean_disable_breadcrumbs":"default","ocean_breadcrumbs_color":"","ocean_breadcrumbs_separator_color":"","ocean_breadcrumbs_links_color":"","ocean_breadcrumbs_links_hover_color":"","ocean_display_footer_widgets":"default","ocean_display_footer_bottom":"default","ocean_custom_footer_template":""},"product_brand":[],"product_cat":[18,17],"product_tag":[21,20],"class_list":{"0":"post-2355","1":"product","2":"type-product","3":"status-publish","4":"has-post-thumbnail","6":"product_cat-arte-marcial","7":"product_cat-bordado","8":"product_tag-arte-marcial","9":"product_tag-kimono","10":"product_shipping_class-leve","12":"entry","13":"has-media","15":"first","16":"instock","17":"shipping-taxable","18":"purchasable","19":"product-type-simple","20":"has-product-nav","21":"col","22":"span_1_of_6","23":"owp-content-center","24":"owp-thumbs-layout-horizontal","25":"owp-btn-normal","26":"owp-tabs-layout-horizontal"},"yoast_head":"<!-- This site is optimized with the Yoast SEO plugin v21.6 - https:\/\/yoast.com\/wordpress\/plugins\/seo\/ -->\n<title>Jiu-Jitsu Kanji Patch Bordado Para Kimono Camisa Jaqueta - BR44<\/title>\n<meta name=\"robots\" content=\"index, follow, max-snippet:-1, max-image-preview:large, max-video-preview:-1\" \/>\n<link rel=\"canonical\" href=\"https:\/\/www.br44.com\/global\/inicio\/jiu-jitsu-kanji-patch-bordado-para-kimono-camisa-jaqueta\/\" \/>\n<meta property=\"og:locale\" content=\"pt_BR\" \/>\n<meta property=\"og:type\" content=\"article\" \/>\n<meta property=\"og:title\" content=\"Jiu-Jitsu Kanji Patch Bordado Para Kimono Camisa Jaqueta - BR44\" \/>\n<meta property=\"og:description\" content=\"Fabricante: BR44 patch (desde 1987)  Modelo: ATM002T Jiu-Jitsu kanji embroidery patch  Tamanho: 5,5 \u00d7 13,5 cm. 2,16 \u00d7 5,31 in.  Patch 100% bordado, termo adesivo, pode ser fixado com ferro quente ou costura.  Ideal para kimono, camisa, colete, jaqueta e outros.\" \/>\n<meta property=\"og:url\" content=\"https:\/\/www.br44.com\/global\/inicio\/jiu-jitsu-kanji-patch-bordado-para-kimono-camisa-jaqueta\/\" \/>\n<meta property=\"og:site_name\" content=\"BR44\" \/>\n<meta property=\"article:modified_time\" content=\"2026-03-24T10:16:13+00:00\" \/>\n<meta property=\"og:image\" content=\"https:\/\/www.br44.com\/global\/wp-content\/uploads\/2019\/04\/ATM002T.jpg\" \/>\n\t<meta property=\"og:image:width\" content=\"1080\" \/>\n\t<meta property=\"og:image:height\" content=\"1080\" \/>\n\t<meta property=\"og:image:type\" content=\"image\/jpeg\" \/>\n<meta name=\"twitter:card\" content=\"summary_large_image\" \/>\n<meta name=\"twitter:label1\" content=\"Est. tempo de leitura\" \/>\n\t<meta name=\"twitter:data1\" content=\"1 minuto\" \/>\n<script type=\"application\/ld+json\" class=\"yoast-schema-graph\">{\"@context\":\"https:\/\/schema.org\",\"@graph\":[{\"@type\":\"WebPage\",\"@id\":\"https:\/\/www.br44.com\/global\/inicio\/jiu-jitsu-kanji-patch-bordado-para-kimono-camisa-jaqueta\/\",\"url\":\"https:\/\/www.br44.com\/global\/inicio\/jiu-jitsu-kanji-patch-bordado-para-kimono-camisa-jaqueta\/\",\"name\":\"Jiu-Jitsu Kanji Patch Bordado Para Kimono Camisa Jaqueta - BR44\",\"isPartOf\":{\"@id\":\"https:\/\/www.br44.com\/global\/#website\"},\"datePublished\":\"2019-04-06T15:36:44+00:00\",\"dateModified\":\"2026-03-24T10:16:13+00:00\",\"breadcrumb\":{\"@id\":\"https:\/\/www.br44.com\/global\/inicio\/jiu-jitsu-kanji-patch-bordado-para-kimono-camisa-jaqueta\/#breadcrumb\"},\"inLanguage\":\"pt-BR\",\"potentialAction\":[{\"@type\":\"ReadAction\",\"target\":[\"https:\/\/www.br44.com\/global\/inicio\/jiu-jitsu-kanji-patch-bordado-para-kimono-camisa-jaqueta\/\"]}]},{\"@type\":\"BreadcrumbList\",\"@id\":\"https:\/\/www.br44.com\/global\/inicio\/jiu-jitsu-kanji-patch-bordado-para-kimono-camisa-jaqueta\/#breadcrumb\",\"itemListElement\":[{\"@type\":\"ListItem\",\"position\":1,\"name\":\"In\u00edcio\",\"item\":\"https:\/\/www.br44.com\/global\/\"},{\"@type\":\"ListItem\",\"position\":2,\"name\":\"Loja\",\"item\":\"https:\/\/www.br44.com\/global\/loja\/\"},{\"@type\":\"ListItem\",\"position\":3,\"name\":\"Jiu-Jitsu Kanji Patch Bordado Para Kimono Camisa Jaqueta\"}]},{\"@type\":\"WebSite\",\"@id\":\"https:\/\/www.br44.com\/global\/#website\",\"url\":\"https:\/\/www.br44.com\/global\/\",\"name\":\"BR44\",\"description\":\"Embroidered Patch Bordado.\",\"publisher\":{\"@id\":\"https:\/\/www.br44.com\/global\/#organization\"},\"potentialAction\":[{\"@type\":\"SearchAction\",\"target\":{\"@type\":\"EntryPoint\",\"urlTemplate\":\"https:\/\/www.br44.com\/global\/?s={search_term_string}\"},\"query-input\":\"required name=search_term_string\"}],\"inLanguage\":\"pt-BR\"},{\"@type\":\"Organization\",\"@id\":\"https:\/\/www.br44.com\/global\/#organization\",\"name\":\"BR44\",\"url\":\"https:\/\/www.br44.com\/global\/\",\"logo\":{\"@type\":\"ImageObject\",\"inLanguage\":\"pt-BR\",\"@id\":\"https:\/\/www.br44.com\/global\/#\/schema\/logo\/image\/\",\"url\":\"https:\/\/www.br44.com\/global\/wp-content\/uploads\/2022\/10\/BR44_192x192.png\",\"contentUrl\":\"https:\/\/www.br44.com\/global\/wp-content\/uploads\/2022\/10\/BR44_192x192.png\",\"width\":192,\"height\":192,\"caption\":\"BR44\"},\"image\":{\"@id\":\"https:\/\/www.br44.com\/global\/#\/schema\/logo\/image\/\"},\"sameAs\":[\"https:\/\/www.instagram.com\/br44.patch\/\"]}]}<\/script>\n<!-- \/ Yoast SEO plugin. -->","yoast_head_json":{"title":"Jiu-Jitsu Kanji Patch Bordado Para Kimono Camisa Jaqueta - BR44","robots":{"index":"index","follow":"follow","max-snippet":"max-snippet:-1","max-image-preview":"max-image-preview:large","max-video-preview":"max-video-preview:-1"},"canonical":"https:\/\/www.br44.com\/global\/inicio\/jiu-jitsu-kanji-patch-bordado-para-kimono-camisa-jaqueta\/","og_locale":"pt_BR","og_type":"article","og_title":"Jiu-Jitsu Kanji Patch Bordado Para Kimono Camisa Jaqueta - BR44","og_description":"Fabricante: BR44 patch (desde 1987)  Modelo: ATM002T Jiu-Jitsu kanji embroidery patch  Tamanho: 5,5 \u00d7 13,5 cm. 2,16 \u00d7 5,31 in.  Patch 100% bordado, termo adesivo, pode ser fixado com ferro quente ou costura.  Ideal para kimono, camisa, colete, jaqueta e outros.","og_url":"https:\/\/www.br44.com\/global\/inicio\/jiu-jitsu-kanji-patch-bordado-para-kimono-camisa-jaqueta\/","og_site_name":"BR44","article_modified_time":"2026-03-24T10:16:13+00:00","og_image":[{"width":1080,"height":1080,"url":"https:\/\/www.br44.com\/global\/wp-content\/uploads\/2019\/04\/ATM002T.jpg","type":"image\/jpeg"}],"twitter_card":"summary_large_image","twitter_misc":{"Est. tempo de leitura":"1 minuto"},"schema":{"@context":"https:\/\/schema.org","@graph":[{"@type":"WebPage","@id":"https:\/\/www.br44.com\/global\/inicio\/jiu-jitsu-kanji-patch-bordado-para-kimono-camisa-jaqueta\/","url":"https:\/\/www.br44.com\/global\/inicio\/jiu-jitsu-kanji-patch-bordado-para-kimono-camisa-jaqueta\/","name":"Jiu-Jitsu Kanji Patch Bordado Para Kimono Camisa Jaqueta - BR44","isPartOf":{"@id":"https:\/\/www.br44.com\/global\/#website"},"datePublished":"2019-04-06T15:36:44+00:00","dateModified":"2026-03-24T10:16:13+00:00","breadcrumb":{"@id":"https:\/\/www.br44.com\/global\/inicio\/jiu-jitsu-kanji-patch-bordado-para-kimono-camisa-jaqueta\/#breadcrumb"},"inLanguage":"pt-BR","potentialAction":[{"@type":"ReadAction","target":["https:\/\/www.br44.com\/global\/inicio\/jiu-jitsu-kanji-patch-bordado-para-kimono-camisa-jaqueta\/"]}]},{"@type":"BreadcrumbList","@id":"https:\/\/www.br44.com\/global\/inicio\/jiu-jitsu-kanji-patch-bordado-para-kimono-camisa-jaqueta\/#breadcrumb","itemListElement":[{"@type":"ListItem","position":1,"name":"In\u00edcio","item":"https:\/\/www.br44.com\/global\/"},{"@type":"ListItem","position":2,"name":"Loja","item":"https:\/\/www.br44.com\/global\/loja\/"},{"@type":"ListItem","position":3,"name":"Jiu-Jitsu Kanji Patch Bordado Para Kimono Camisa Jaqueta"}]},{"@type":"WebSite","@id":"https:\/\/www.br44.com\/global\/#website","url":"https:\/\/www.br44.com\/global\/","name":"BR44","description":"Embroidered Patch Bordado.","publisher":{"@id":"https:\/\/www.br44.com\/global\/#organization"},"potentialAction":[{"@type":"SearchAction","target":{"@type":"EntryPoint","urlTemplate":"https:\/\/www.br44.com\/global\/?s={search_term_string}"},"query-input":"required name=search_term_string"}],"inLanguage":"pt-BR"},{"@type":"Organization","@id":"https:\/\/www.br44.com\/global\/#organization","name":"BR44","url":"https:\/\/www.br44.com\/global\/","logo":{"@type":"ImageObject","inLanguage":"pt-BR","@id":"https:\/\/www.br44.com\/global\/#\/schema\/logo\/image\/","url":"https:\/\/www.br44.com\/global\/wp-content\/uploads\/2022\/10\/BR44_192x192.png","contentUrl":"https:\/\/www.br44.com\/global\/wp-content\/uploads\/2022\/10\/BR44_192x192.png","width":192,"height":192,"caption":"BR44"},"image":{"@id":"https:\/\/www.br44.com\/global\/#\/schema\/logo\/image\/"},"sameAs":["https:\/\/www.instagram.com\/br44.patch\/"]}]}},"_links":{"self":[{"href":"https:\/\/www.br44.com\/global\/wp-json\/wp\/v2\/product\/2355","targetHints":{"allow":["GET"]}}],"collection":[{"href":"https:\/\/www.br44.com\/global\/wp-json\/wp\/v2\/product"}],"about":[{"href":"https:\/\/www.br44.com\/global\/wp-json\/wp\/v2\/types\/product"}],"replies":[{"embeddable":true,"href":"https:\/\/www.br44.com\/global\/wp-json\/wp\/v2\/comments?post=2355"}],"wp:featuredmedia":[{"embeddable":true,"href":"https:\/\/www.br44.com\/global\/wp-json\/wp\/v2\/media\/23712"}],"wp:attachment":[{"href":"https:\/\/www.br44.com\/global\/wp-json\/wp\/v2\/media?parent=2355"}],"wp:term":[{"taxonomy":"product_brand","embeddable":true,"href":"https:\/\/www.br44.com\/global\/wp-json\/wp\/v2\/product_brand?post=2355"},{"taxonomy":"product_cat","embeddable":true,"href":"https:\/\/www.br44.com\/global\/wp-json\/wp\/v2\/product_cat?post=2355"},{"taxonomy":"product_tag","embeddable":true,"href":"https:\/\/www.br44.com\/global\/wp-json\/wp\/v2\/product_tag?post=2355"}],"curies":[{"name":"wp","href":"https:\/\/api.w.org\/{rel}","templated":true}]}}